{"id":4549,"date":"2018-07-23T04:23:38","date_gmt":"2018-07-23T07:23:38","guid":{"rendered":"https:\/\/boutiquefilmes.com.br\/sobre-nos\/"},"modified":"2025-11-10T16:32:42","modified_gmt":"2025-11-10T19:32:42","slug":"about-us","status":"publish","type":"page","link":"https:\/\/boutiquefilmes.com.br\/en\/about-us\/","title":{"rendered":"About Us"},"content":{"rendered":"<p>[vc_row css=&#8221;.vc_custom_1651121613514{padding-top: 6% !important;padding-bottom: 3% !important;}&#8221;][vc_column][vc_row_inner css=&#8221;.vc_custom_1651121563159{padding-bottom: 2% !important;}&#8221;][vc_column_inner][vc_custom_heading heading_style=&#8221;heading_style_1&#8243; text=&#8221;Boutique Filmes&#8221; font_container=&#8221;tag:h2|text_align:center&#8221; use_theme_fonts=&#8221;yes&#8221;][vc_custom_heading heading_style=&#8221;heading_style_6&#8243; text=&#8221;Us&#8221; font_container=&#8221;tag:h2|text_align:center&#8221; use_theme_fonts=&#8221;yes&#8221; hightlight_heading=&#8221;About&#8221;][\/vc_column_inner][\/vc_row_inner][\/vc_column][\/vc_row][vc_row css=&#8221;.vc_custom_1529548086297{padding-bottom: 6% !important;}&#8221;][vc_column][vc_row_inner][vc_column_inner width=&#8221;1\/6&#8243;][\/vc_column_inner][vc_column_inner width=&#8221;2\/3&#8243;][vc_column_text el_class=&#8221;secondary-font heading-color fs-18&#8243;]<\/p>\n<p class=\"p1\" style=\"text-align: center;\">For thirteen years, the local film producer based in S\u00e3o Paulo, has been dedicated to telling Brazilian stories that trully cause impact. Having a strong international presence, the company is home of the main talents of independent film production and partner to the most important players of the market such as Netflix, Globoplay, Amazon Prime Video, Discovery+, Disney+ and HBO Max.<\/p>\n<p class=\"p1\" style=\"text-align: center;\"><strong>Boutique Filmes<\/strong> has been nominated three times for the International Emmy\u00ae Awards and it was one of the first local producers for streaming in Brazil, with the international success \u201c3%\u201d. In 2021, Boutique was responsible for producing Netflix\u2019s first Brazilian true crime \u201cElize Matsunaga: Once Upon a Crime\u201d. In addition, the production company also produced the fiction series \u201cSummer Heat\u201d (Netflix), with Giovanna Lancellotti, Jorge Lopez, Gabz and Andr\u00e9 Luiz Frambach.<\/p>\n<p style=\"text-align: center;\"><span style=\"font-weight: 400;\">Recently, Boutique Filmes has been investing in major projects such as <\/span><i><span style=\"font-weight: 400;\">\u201cMila no Multiverso\u201d<\/span><\/i><span style=\"font-weight: 400;\"> (Disney+), <\/span><i><span style=\"font-weight: 400;\">\u201cNegociador\u201d<\/span><\/i><span style=\"font-weight: 400;\"> (Amazon Prime Video), <\/span><i><span style=\"font-weight: 400;\">\u201cSutura\u201d<\/span><\/i><span style=\"font-weight: 400;\"> (Amazon Prime Video), <\/span><i><span style=\"font-weight: 400;\">\u201cPassinho \u2013 O Ritmo dos Sonhos\u201d<\/span><\/i><span style=\"font-weight: 400;\"> (Disney+), the feature films <\/span><i><span style=\"font-weight: 400;\">\u201cO G\u00eanio do Crime&#8221;,<\/span><\/i> <i><span style=\"font-weight: 400;\">\u201cTudo \u00e9 Rio,\u201d<\/span><\/i><span style=\"font-weight: 400;\"> and <\/span><i><span style=\"font-weight: 400;\">\u201cO Mist\u00e9rio do Cinco Estrelas,\u201d<\/span><\/i><span style=\"font-weight: 400;\"> as well as non-fiction projects <\/span><i><span style=\"font-weight: 400;\">\u201cPCC: O Poder Secreto\u201d<\/span><\/i><span style=\"font-weight: 400;\"> (HBO Max), <\/span><i><span style=\"font-weight: 400;\">\u201cFlordelis: Questiona ou Adora\u201d<\/span><\/i><span style=\"font-weight: 400;\"> (Globoplay), and <\/span><i><span style=\"font-weight: 400;\">\u201cA V\u00edtima Invis\u00edvel: O Caso Eliza Sam\u00fadio\u201d<\/span><\/i><span style=\"font-weight: 400;\"> (Netflix).<\/span><\/p>\n<p>[\/vc_column_text][\/vc_column_inner][vc_column_inner width=&#8221;1\/6&#8243;][\/vc_column_inner][\/vc_row_inner][vc_row_inner][vc_column_inner width=&#8221;1\/3&#8243;]                    <div class=\" \">\n                <div class=\"counter-shortcode-wrap style_1 \">\n    <div class=\"gr-counter gr-animated\">\n        <div class=\"content-inner\">\n            <div data-from=\"0\" data-to=\"53\" class=\"gr-number-counter\">\n                53            <\/div>\n            <div class=\"gr-text-default\">Projects<\/div>\n        <\/div>\n    <\/div>\n<\/div>            <\/div>\n                [\/vc_column_inner][vc_column_inner width=&#8221;1\/3&#8243;]                    <div class=\" \">\n                <div class=\"counter-shortcode-wrap style_1 \">\n    <div class=\"gr-counter gr-animated\">\n        <div class=\"content-inner\">\n            <div data-from=\"0\" data-to=\"13\" class=\"gr-number-counter\">\n                13            <\/div>\n            <div class=\"gr-text-default\">Years on the Market<\/div>\n        <\/div>\n    <\/div>\n<\/div>            <\/div>\n                [\/vc_column_inner][vc_column_inner width=&#8221;1\/3&#8243;]                    <div class=\" \">\n                <div class=\"counter-shortcode-wrap style_1 \">\n    <div class=\"gr-counter gr-animated\">\n        <div class=\"content-inner\">\n            <div data-from=\"0\" data-to=\"3\" class=\"gr-number-counter\">\n                3            <\/div>\n            <div class=\"gr-text-default\">INTERNATIONAL EMMY KIDS AWARDS NOMINATIONS<\/div>\n        <\/div>\n    <\/div>\n<\/div>            <\/div>\n                [\/vc_column_inner][\/vc_row_inner][\/vc_column][\/vc_row][vc_row full_width=&#8221;stretch_row&#8221; css=&#8221;.vc_custom_1533607501787{padding-top: 6% !important;padding-bottom: 35% !important;background-image: url(https:\/\/boutiquefilmes.com.br\/wp-content\/uploads\/2018\/08\/creative-bg-1.jpg?id=2500) !important;background-position: center !important;background-repeat: no-repeat !important;background-size: cover !important;}&#8221;][vc_column][vc_row_inner][vc_column_inner][vc_custom_heading heading_style=&#8221;heading_style_1&#8243; text=&#8221;Meet the team&#8221; font_container=&#8221;tag:h2|text_align:center&#8221; use_theme_fonts=&#8221;yes&#8221;][vc_custom_heading heading_style=&#8221;heading_style_6&#8243; text=&#8221;&#8221; font_container=&#8221;tag:h2|text_align:center|color:%23ffffff&#8221; use_theme_fonts=&#8221;yes&#8221; pre_heading=&#8221;Our&#8221; hightlight_heading=&#8221;creative team&#8221;][\/vc_column_inner][\/vc_row_inner][\/vc_column][\/vc_row][vc_row css=&#8221;.vc_custom_1533607604305{margin-top: -33% !important;padding-bottom: 8% !important;}&#8221;][vc_column][vc_row_inner][vc_column_inner]  \n        \n        <div class=\"  \">\n                <div class=\"teammember-shortcode-wrap grid \">\n                <div class=\"teammember-list padding-15 columns-3\">\n                        <div class=\"team-item\">\n                <div class=\"team-content\">\n\n                    <div class=\"team-image\">\n                        <img loading=\"lazy\" decoding=\"async\" width=\"1707\" height=\"1932\" src=\"https:\/\/boutiquefilmes.com.br\/wp-content\/uploads\/2018\/06\/Gustavo-Mello-scaled-e1651091426997.jpg\" class=\"attachment-full size-full wp-post-image\" alt=\"\" srcset=\"https:\/\/boutiquefilmes.com.br\/wp-content\/uploads\/2018\/06\/Gustavo-Mello-scaled-e1651091426997.jpg 1707w, https:\/\/boutiquefilmes.com.br\/wp-content\/uploads\/2018\/06\/Gustavo-Mello-scaled-e1651091426997-265x300.jpg 265w, https:\/\/boutiquefilmes.com.br\/wp-content\/uploads\/2018\/06\/Gustavo-Mello-scaled-e1651091426997-905x1024.jpg 905w, https:\/\/boutiquefilmes.com.br\/wp-content\/uploads\/2018\/06\/Gustavo-Mello-scaled-e1651091426997-768x869.jpg 768w, https:\/\/boutiquefilmes.com.br\/wp-content\/uploads\/2018\/06\/Gustavo-Mello-scaled-e1651091426997-1357x1536.jpg 1357w\" sizes=\"auto, (max-width: 1707px) 100vw, 1707px\" \/>                        <div class=\"team-meta\">\n                                                        <h5 class=\"team-title\">\n                                                                <a href=\"https:\/\/boutiquefilmes.com.br\/en\/socio\/gustavo-mello\/\" target=\"_self\">\n                                                                    Gustavo Mello                                                                <\/a>\n                                                            <\/h5>\n                                                        <p class=\"team-position\">\/ Producer and Creator<\/p>\n                                                    <\/div>\n\n                                                    <ul class=\"member-socials\">\n                                                            <li class=\"member-social\"><a href=\"\"><i class=\"\"><\/i><\/a><\/li>\n                                                        <\/ul>\n                                            <\/div>\n                <\/div>\n            <\/div>\n                        <div class=\"team-item\">\n                <div class=\"team-content\">\n\n                    <div class=\"team-image\">\n                        <img loading=\"lazy\" decoding=\"async\" width=\"853\" height=\"966\" src=\"https:\/\/boutiquefilmes.com.br\/wp-content\/uploads\/2018\/06\/Tiago-Mello-e1651091776298.jpeg\" class=\"attachment-full size-full wp-post-image\" alt=\"\" srcset=\"https:\/\/boutiquefilmes.com.br\/wp-content\/uploads\/2018\/06\/Tiago-Mello-e1651091776298.jpeg 853w, https:\/\/boutiquefilmes.com.br\/wp-content\/uploads\/2018\/06\/Tiago-Mello-e1651091776298-265x300.jpeg 265w, https:\/\/boutiquefilmes.com.br\/wp-content\/uploads\/2018\/06\/Tiago-Mello-e1651091776298-768x870.jpeg 768w\" sizes=\"auto, (max-width: 853px) 100vw, 853px\" \/>                        <div class=\"team-meta\">\n                                                        <h5 class=\"team-title\">\n                                                                <a href=\"https:\/\/boutiquefilmes.com.br\/en\/socio\/tiago-mello\/\" target=\"_self\">\n                                                                    Tiago Mello                                                                <\/a>\n                                                            <\/h5>\n                                                        <p class=\"team-position\">\/ Executive Producer<\/p>\n                                                    <\/div>\n\n                                                    <ul class=\"member-socials\">\n                                                            <li class=\"member-social\"><a href=\"\"><i class=\"\"><\/i><\/a><\/li>\n                                                        <\/ul>\n                                            <\/div>\n                <\/div>\n            <\/div>\n                    <\/div>\n    <\/div>\n            <\/div>  \n        \n        [\/vc_column_inner][\/vc_row_inner][vc_row_inner css=&#8221;.vc_custom_1533607611255{padding-top: 6% !important;}&#8221;][vc_column_inner width=&#8221;1\/4&#8243;][\/vc_column_inner][vc_column_inner width=&#8221;1\/2&#8243;][vc_btn button_style=&#8221;button_style_7&#8243; title=&#8221;Contact Us&#8221; align=&#8221;center&#8221; link=&#8221;url:https%3A%2F%2Fboutiquefilmes.com.br%2Fen%2Fcontact&#8221;][\/vc_column_inner][vc_column_inner width=&#8221;1\/4&#8243;][\/vc_column_inner][\/vc_row_inner][\/vc_column][\/vc_row]<\/p>\n","protected":false},"excerpt":{"rendered":"<p>[vc_row css=&#8221;.vc_custom_1651121613514{padding-top: 6% !important;padding-bottom: 3% !important;}&#8221;][vc_column][vc_row_inner css=&#8221;.vc_custom_1651121563159{padding-bottom: 2% !important;}&#8221;][vc_column_inner][vc_custom_heading heading_style=&#8221;heading_style_1&#8243; text=&#8221;Boutique Filmes&#8221; font_container=&#8221;tag:h2|text_align:center&#8221; use_theme_fonts=&#8221;yes&#8221;][vc_custom_heading heading_style=&#8221;heading_style_6&#8243; text=&#8221;Us&#8221; font_container=&#8221;tag:h2|text_align:center&#8221; use_theme_fonts=&#8221;yes&#8221; hightlight_heading=&#8221;About&#8221;][\/vc_column_inner][\/vc_row_inner][\/vc_column][\/vc_row][vc_row css=&#8221;.vc_custom_1529548086297{padding-bottom: 6% !important;}&#8221;][vc_column][vc_row_inner][vc_column_inner width=&#8221;1\/6&#8243;][\/vc_column_inner][vc_column_inner width=&#8221;2\/3&#8243;][vc_column_text el_class=&#8221;secondary-font heading-color fs-18&#8243;] For thirteen years, the local film producer based in S\u00e3o Paulo, has been dedicated to telling Brazilian stories that trully cause impact. Having a strong international presence, the [&hellip;]<\/p>\n","protected":false},"author":1,"featured_media":0,"parent":0,"menu_order":0,"comment_status":"closed","ping_status":"closed","template":"","meta":{"footnotes":""},"class_list":["post-4549","page","type-page","status-publish","hentry","clearfix"],"yoast_head":"<!-- This site is optimized with the Yoast SEO plugin v19.0 - https:\/\/yoast.com\/wordpress\/plugins\/seo\/ -->\n<title>About Us - Boutique Filmes<\/title>\n<meta name=\"robots\" content=\"index, follow, max-snippet:-1, max-image-preview:large, max-video-preview:-1\" \/>\n<link rel=\"canonical\" href=\"https:\/\/boutiquefilmes.com.br\/en\/about-us\/\" \/>\n<meta property=\"og:locale\" content=\"en_US\" \/>\n<meta property=\"og:type\" content=\"article\" \/>\n<meta property=\"og:title\" content=\"About Us - Boutique Filmes\" \/>\n<meta property=\"og:description\" content=\"[vc_row css=&#8221;.vc_custom_1651121613514{padding-top: 6% !important;padding-bottom: 3% !important;}&#8221;][vc_column][vc_row_inner css=&#8221;.vc_custom_1651121563159{padding-bottom: 2% !important;}&#8221;][vc_column_inner][vc_custom_heading heading_style=&#8221;heading_style_1&#8243; text=&#8221;Boutique Filmes&#8221; font_container=&#8221;tag:h2|text_align:center&#8221; use_theme_fonts=&#8221;yes&#8221;][vc_custom_heading heading_style=&#8221;heading_style_6&#8243; text=&#8221;Us&#8221; font_container=&#8221;tag:h2|text_align:center&#8221; use_theme_fonts=&#8221;yes&#8221; hightlight_heading=&#8221;About&#8221;][\/vc_column_inner][\/vc_row_inner][\/vc_column][\/vc_row][vc_row css=&#8221;.vc_custom_1529548086297{padding-bottom: 6% !important;}&#8221;][vc_column][vc_row_inner][vc_column_inner width=&#8221;1\/6&#8243;][\/vc_column_inner][vc_column_inner width=&#8221;2\/3&#8243;][vc_column_text el_class=&#8221;secondary-font heading-color fs-18&#8243;] For thirteen years, the local film producer based in S\u00e3o Paulo, has been dedicated to telling Brazilian stories that trully cause impact. Having a strong international presence, the [&hellip;]\" \/>\n<meta property=\"og:url\" content=\"https:\/\/boutiquefilmes.com.br\/en\/about-us\/\" \/>\n<meta property=\"og:site_name\" content=\"Boutique Filmes\" \/>\n<meta property=\"article:publisher\" content=\"https:\/\/www.facebook.com\/boutiquefilmes\/\" \/>\n<meta property=\"article:modified_time\" content=\"2025-11-10T19:32:42+00:00\" \/>\n<meta name=\"twitter:card\" content=\"summary_large_image\" \/>\n<meta name=\"twitter:site\" content=\"@boutiquefilmes\" \/>\n<meta name=\"twitter:label1\" content=\"Est. reading time\" \/>\n\t<meta name=\"twitter:data1\" content=\"2 minutes\" \/>\n<script type=\"application\/ld+json\" class=\"yoast-schema-graph\">{\"@context\":\"https:\/\/schema.org\",\"@graph\":[{\"@type\":\"Organization\",\"@id\":\"https:\/\/boutiquefilmes.com.br\/#organization\",\"name\":\"Boutique Filmes\",\"url\":\"https:\/\/boutiquefilmes.com.br\/\",\"sameAs\":[\"https:\/\/www.instagram.com\/boutiquefilmes\/\",\"https:\/\/www.facebook.com\/boutiquefilmes\/\",\"https:\/\/twitter.com\/boutiquefilmes\"],\"logo\":{\"@type\":\"ImageObject\",\"inLanguage\":\"en-US\",\"@id\":\"https:\/\/boutiquefilmes.com.br\/#\/schema\/logo\/image\/\",\"url\":\"https:\/\/boutiquefilmes.com.br\/wp-content\/uploads\/2022\/06\/download-6.png\",\"contentUrl\":\"https:\/\/boutiquefilmes.com.br\/wp-content\/uploads\/2022\/06\/download-6.png\",\"width\":225,\"height\":225,\"caption\":\"Boutique Filmes\"},\"image\":{\"@id\":\"https:\/\/boutiquefilmes.com.br\/#\/schema\/logo\/image\/\"}},{\"@type\":\"WebSite\",\"@id\":\"https:\/\/boutiquefilmes.com.br\/#website\",\"url\":\"https:\/\/boutiquefilmes.com.br\/\",\"name\":\"Boutique Filmes\",\"description\":\"\",\"publisher\":{\"@id\":\"https:\/\/boutiquefilmes.com.br\/#organization\"},\"potentialAction\":[{\"@type\":\"SearchAction\",\"target\":{\"@type\":\"EntryPoint\",\"urlTemplate\":\"https:\/\/boutiquefilmes.com.br\/?s={search_term_string}\"},\"query-input\":\"required name=search_term_string\"}],\"inLanguage\":\"en-US\"},{\"@type\":\"WebPage\",\"@id\":\"https:\/\/boutiquefilmes.com.br\/en\/about-us\/#webpage\",\"url\":\"https:\/\/boutiquefilmes.com.br\/en\/about-us\/\",\"name\":\"About Us - Boutique Filmes\",\"isPartOf\":{\"@id\":\"https:\/\/boutiquefilmes.com.br\/#website\"},\"datePublished\":\"2018-07-23T07:23:38+00:00\",\"dateModified\":\"2025-11-10T19:32:42+00:00\",\"breadcrumb\":{\"@id\":\"https:\/\/boutiquefilmes.com.br\/en\/about-us\/#breadcrumb\"},\"inLanguage\":\"en-US\",\"potentialAction\":[{\"@type\":\"ReadAction\",\"target\":[\"https:\/\/boutiquefilmes.com.br\/en\/about-us\/\"]}]},{\"@type\":\"BreadcrumbList\",\"@id\":\"https:\/\/boutiquefilmes.com.br\/en\/about-us\/#breadcrumb\",\"itemListElement\":[{\"@type\":\"ListItem\",\"position\":1,\"name\":\"In\u00edcio\",\"item\":\"https:\/\/boutiquefilmes.com.br\/en\/\"},{\"@type\":\"ListItem\",\"position\":2,\"name\":\"About Us\"}]}]}<\/script>\n<!-- \/ Yoast SEO plugin. -->","yoast_head_json":{"title":"About Us - Boutique Filmes","robots":{"index":"index","follow":"follow","max-snippet":"max-snippet:-1","max-image-preview":"max-image-preview:large","max-video-preview":"max-video-preview:-1"},"canonical":"https:\/\/boutiquefilmes.com.br\/en\/about-us\/","og_locale":"en_US","og_type":"article","og_title":"About Us - Boutique Filmes","og_description":"[vc_row css=&#8221;.vc_custom_1651121613514{padding-top: 6% !important;padding-bottom: 3% !important;}&#8221;][vc_column][vc_row_inner css=&#8221;.vc_custom_1651121563159{padding-bottom: 2% !important;}&#8221;][vc_column_inner][vc_custom_heading heading_style=&#8221;heading_style_1&#8243; text=&#8221;Boutique Filmes&#8221; font_container=&#8221;tag:h2|text_align:center&#8221; use_theme_fonts=&#8221;yes&#8221;][vc_custom_heading heading_style=&#8221;heading_style_6&#8243; text=&#8221;Us&#8221; font_container=&#8221;tag:h2|text_align:center&#8221; use_theme_fonts=&#8221;yes&#8221; hightlight_heading=&#8221;About&#8221;][\/vc_column_inner][\/vc_row_inner][\/vc_column][\/vc_row][vc_row css=&#8221;.vc_custom_1529548086297{padding-bottom: 6% !important;}&#8221;][vc_column][vc_row_inner][vc_column_inner width=&#8221;1\/6&#8243;][\/vc_column_inner][vc_column_inner width=&#8221;2\/3&#8243;][vc_column_text el_class=&#8221;secondary-font heading-color fs-18&#8243;] For thirteen years, the local film producer based in S\u00e3o Paulo, has been dedicated to telling Brazilian stories that trully cause impact. Having a strong international presence, the [&hellip;]","og_url":"https:\/\/boutiquefilmes.com.br\/en\/about-us\/","og_site_name":"Boutique Filmes","article_publisher":"https:\/\/www.facebook.com\/boutiquefilmes\/","article_modified_time":"2025-11-10T19:32:42+00:00","twitter_card":"summary_large_image","twitter_site":"@boutiquefilmes","twitter_misc":{"Est. reading time":"2 minutes"},"schema":{"@context":"https:\/\/schema.org","@graph":[{"@type":"Organization","@id":"https:\/\/boutiquefilmes.com.br\/#organization","name":"Boutique Filmes","url":"https:\/\/boutiquefilmes.com.br\/","sameAs":["https:\/\/www.instagram.com\/boutiquefilmes\/","https:\/\/www.facebook.com\/boutiquefilmes\/","https:\/\/twitter.com\/boutiquefilmes"],"logo":{"@type":"ImageObject","inLanguage":"en-US","@id":"https:\/\/boutiquefilmes.com.br\/#\/schema\/logo\/image\/","url":"https:\/\/boutiquefilmes.com.br\/wp-content\/uploads\/2022\/06\/download-6.png","contentUrl":"https:\/\/boutiquefilmes.com.br\/wp-content\/uploads\/2022\/06\/download-6.png","width":225,"height":225,"caption":"Boutique Filmes"},"image":{"@id":"https:\/\/boutiquefilmes.com.br\/#\/schema\/logo\/image\/"}},{"@type":"WebSite","@id":"https:\/\/boutiquefilmes.com.br\/#website","url":"https:\/\/boutiquefilmes.com.br\/","name":"Boutique Filmes","description":"","publisher":{"@id":"https:\/\/boutiquefilmes.com.br\/#organization"},"potentialAction":[{"@type":"SearchAction","target":{"@type":"EntryPoint","urlTemplate":"https:\/\/boutiquefilmes.com.br\/?s={search_term_string}"},"query-input":"required name=search_term_string"}],"inLanguage":"en-US"},{"@type":"WebPage","@id":"https:\/\/boutiquefilmes.com.br\/en\/about-us\/#webpage","url":"https:\/\/boutiquefilmes.com.br\/en\/about-us\/","name":"About Us - Boutique Filmes","isPartOf":{"@id":"https:\/\/boutiquefilmes.com.br\/#website"},"datePublished":"2018-07-23T07:23:38+00:00","dateModified":"2025-11-10T19:32:42+00:00","breadcrumb":{"@id":"https:\/\/boutiquefilmes.com.br\/en\/about-us\/#breadcrumb"},"inLanguage":"en-US","potentialAction":[{"@type":"ReadAction","target":["https:\/\/boutiquefilmes.com.br\/en\/about-us\/"]}]},{"@type":"BreadcrumbList","@id":"https:\/\/boutiquefilmes.com.br\/en\/about-us\/#breadcrumb","itemListElement":[{"@type":"ListItem","position":1,"name":"In\u00edcio","item":"https:\/\/boutiquefilmes.com.br\/en\/"},{"@type":"ListItem","position":2,"name":"About Us"}]}]}},"_links":{"self":[{"href":"https:\/\/boutiquefilmes.com.br\/en\/wp-json\/wp\/v2\/pages\/4549","targetHints":{"allow":["GET"]}}],"collection":[{"href":"https:\/\/boutiquefilmes.com.br\/en\/wp-json\/wp\/v2\/pages"}],"about":[{"href":"https:\/\/boutiquefilmes.com.br\/en\/wp-json\/wp\/v2\/types\/page"}],"author":[{"embeddable":true,"href":"https:\/\/boutiquefilmes.com.br\/en\/wp-json\/wp\/v2\/users\/1"}],"replies":[{"embeddable":true,"href":"https:\/\/boutiquefilmes.com.br\/en\/wp-json\/wp\/v2\/comments?post=4549"}],"version-history":[{"count":8,"href":"https:\/\/boutiquefilmes.com.br\/en\/wp-json\/wp\/v2\/pages\/4549\/revisions"}],"predecessor-version":[{"id":4833,"href":"https:\/\/boutiquefilmes.com.br\/en\/wp-json\/wp\/v2\/pages\/4549\/revisions\/4833"}],"wp:attachment":[{"href":"https:\/\/boutiquefilmes.com.br\/en\/wp-json\/wp\/v2\/media?parent=4549"}],"curies":[{"name":"wp","href":"https:\/\/api.w.org\/{rel}","templated":true}]}}